{"id":1036,"date":"2022-11-22T17:28:05","date_gmt":"2022-11-22T08:28:05","guid":{"rendered":"https:\/\/gorom.org\/conocer-al-equipo\/"},"modified":"2023-09-14T15:01:25","modified_gmt":"2023-09-14T06:01:25","slug":"recruitment","status":"publish","type":"page","link":"https:\/\/gorom.org\/es\/recruitment\/","title":{"rendered":"Reclutamiento"},"content":{"rendered":"\t\t<div data-elementor-type=\"wp-page\" data-elementor-id=\"1036\" class=\"elementor elementor-1036 elementor-172\" data-elementor-post-type=\"page\">\n\t\t\t\t<div class=\"elementor-element elementor-element-2be417a e-flex e-con-boxed e-con e-parent\" data-id=\"2be417a\" data-element_type=\"container\" data-e-type=\"container\">\n\t\t\t\t\t<div class=\"e-con-inner\">\n\t\t\t\t<div class=\"elementor-element elementor-element-058b66e elementor-widget elementor-widget-heading\" data-id=\"058b66e\" data-element_type=\"widget\" data-e-type=\"widget\" data-widget_type=\"heading.default\">\n\t\t\t\t<div class=\"elementor-widget-container\">\n\t\t\t\t\t<h2 class=\"elementor-heading-title elementor-size-default\">\u00bfTienes inter\u00e9s en unirse a nuestro equipo?<\/h2>\t\t\t\t<\/div>\n\t\t\t\t<\/div>\n\t\t\t\t<div class=\"elementor-element elementor-element-3b2568c elementor-widget-divider--view-line elementor-widget elementor-widget-divider\" data-id=\"3b2568c\" data-element_type=\"widget\" data-e-type=\"widget\" data-widget_type=\"divider.default\">\n\t\t\t\t<div class=\"elementor-widget-container\">\n\t\t\t\t\t\t\t<div class=\"elementor-divider\">\n\t\t\t<span class=\"elementor-divider-separator\">\n\t\t\t\t\t\t<\/span>\n\t\t<\/div>\n\t\t\t\t\t\t<\/div>\n\t\t\t\t<\/div>\n\t\t\t\t<div class=\"elementor-element elementor-element-a17ad71 elementor-widget elementor-widget-text-editor\" data-id=\"a17ad71\" data-element_type=\"widget\" data-e-type=\"widget\" data-widget_type=\"text-editor.default\">\n\t\t\t\t<div class=\"elementor-widget-container\">\n\t\t\t\t\t\t\t\t\t<p>La Asociaci\u00f3n GOROM ha reunido un equipo diverso y trabajador comprometido con el logro del desarrollo profesional de j\u00f3venes profesionales a trav\u00e9s del emprendimiento social y actividades de empoderamiento de la juventud.\u00a0<span style=\"background-color: var( --e-global-color-4f489de );\">Siempre estamos buscando personas que deseen contribuir a nuestra misi\u00f3n, ya sea como miembro de nuestro equipo, pasante o voluntario. Para aquellos interesados en unirse, env\u00edenos un curr\u00edculum y una carta de presentaci\u00f3n a <span style=\"color: #0000ff;\">info@gorom.org<\/span> y revisaremos todas las solicitudes.<\/span><\/p><p>\u00a0<\/p><p>Cuando hayan vacantes para ofertas de posiciones espec\u00edficas, se enumerar\u00e1n a continuaci\u00f3n. Si no, comun\u00edquese con nosotros y consideraremos cualquier oportunidad.<\/p><p>\u00a0<\/p>\t\t\t\t\t\t\t\t<\/div>\n\t\t\t\t<\/div>\n\t\t\t\t\t<\/div>\n\t\t\t\t<\/div>\n\t\t\t\t<\/div>\n\t\t","protected":false},"excerpt":{"rendered":"<p>\u00bfTienes inter\u00e9s en unirse a nuestro equipo? La Asociaci\u00f3n GOROM ha reunido un equipo diverso y trabajador comprometido con el logro del desarrollo profesional de j\u00f3venes profesionales a trav\u00e9s del emprendimiento social y actividades de empoderamiento de la juventud.\u00a0Siempre estamos buscando personas que deseen contribuir a nuestra misi\u00f3n, ya sea como miembro de nuestro equipo, pasante o voluntario. Para aquellos interesados en unirse, env\u00edenos un curr\u00edculum y una carta de presentaci\u00f3n a info@gorom.org y revisaremos todas las solicitudes. \u00a0 Cuando hayan vacantes para ofertas de posiciones espec\u00edficas, se enumerar\u00e1n a continuaci\u00f3n. Si no, comun\u00edquese con nosotros y consideraremos cualquier oportunidad. \u00a0<\/p>\n","protected":false},"author":1,"featured_media":0,"parent":0,"menu_order":52,"comment_status":"closed","ping_status":"closed","template":"","meta":{"_acf_changed":false,"footnotes":""},"class_list":["post-1036","page","type-page","status-publish","hentry"],"acf":[],"_links":{"self":[{"href":"https:\/\/gorom.org\/es\/wp-json\/wp\/v2\/pages\/1036","targetHints":{"allow":["GET"]}}],"collection":[{"href":"https:\/\/gorom.org\/es\/wp-json\/wp\/v2\/pages"}],"about":[{"href":"https:\/\/gorom.org\/es\/wp-json\/wp\/v2\/types\/page"}],"author":[{"embeddable":true,"href":"https:\/\/gorom.org\/es\/wp-json\/wp\/v2\/users\/1"}],"replies":[{"embeddable":true,"href":"https:\/\/gorom.org\/es\/wp-json\/wp\/v2\/comments?post=1036"}],"version-history":[{"count":49,"href":"https:\/\/gorom.org\/es\/wp-json\/wp\/v2\/pages\/1036\/revisions"}],"predecessor-version":[{"id":8375,"href":"https:\/\/gorom.org\/es\/wp-json\/wp\/v2\/pages\/1036\/revisions\/8375"}],"wp:attachment":[{"href":"https:\/\/gorom.org\/es\/wp-json\/wp\/v2\/media?parent=1036"}],"curies":[{"name":"wp","href":"https:\/\/api.w.org\/{rel}","templated":true}]}}